 {"id":2,"date":"2023-03-07T07:54:37","date_gmt":"2023-03-07T07:54:37","guid":{"rendered":"https:\/\/blocost.fr\/?page_id=2"},"modified":"2026-03-17T11:08:34","modified_gmt":"2026-03-17T10:08:34","slug":"sample-page","status":"publish","type":"page","link":"https:\/\/blocost.fr\/","title":{"rendered":"Accueil"},"content":{"rendered":"\t\t<div data-elementor-type=\"wp-page\" data-elementor-id=\"2\" class=\"elementor elementor-2\" data-elementor-settings=\"[]\">\n\t\t\t\t\t\t<div class=\"elementor-inner\">\n\t\t\t\t\t\t\t<div class=\"elementor-section-wrap\">\n\t\t\t\t\t\t\t<section class=\"elementor-section elementor-top-section elementor-element elementor-element-5c8eebd9 elementor-section-boxed elementor-section-height-default elementor-section-height-default\" data-id=\"5c8eebd9\" data-element_type=\"section\">\n\t\t\t\t\t\t<div class=\"elementor-container elementor-column-gap-default\">\n\t\t\t\t\t\t\t<div class=\"elementor-row\">\n\t\t\t\t\t<div class=\"elementor-column elementor-col-100 elementor-top-column elementor-element elementor-element-1cbdfd7d\" data-id=\"1cbdfd7d\" data-element_type=\"column\">\n\t\t\t<div class=\"elementor-column-wrap elementor-element-populated\">\n\t\t\t\t\t\t\t<div class=\"elementor-widget-wrap\">\n\t\t\t\t\t\t<div class=\"elementor-element elementor-element-d0e6e44 elementor-widget elementor-widget-text-editor\" data-id=\"d0e6e44\" data-element_type=\"widget\" data-settings=\"{&quot;motion_fx_motion_fx_mouse&quot;:&quot;yes&quot;,&quot;motion_fx_mouseTrack_effect&quot;:&quot;yes&quot;,&quot;motion_fx_tilt_effect&quot;:&quot;yes&quot;,&quot;motion_fx_tilt_direction&quot;:&quot;negative&quot;,&quot;motion_fx_mouseTrack_speed&quot;:{&quot;unit&quot;:&quot;px&quot;,&quot;size&quot;:1,&quot;sizes&quot;:[]},&quot;motion_fx_tilt_speed&quot;:{&quot;unit&quot;:&quot;px&quot;,&quot;size&quot;:4,&quot;sizes&quot;:[]}}\" data-widget_type=\"text-editor.default\">\n\t\t\t\t<div class=\"elementor-widget-container\">\n\t\t\t\t\t<div class=\"elementor-text-editor elementor-clearfix\"><pre><strong>Groupe Indie Rock\n form\u00e9  en 2015 \u00e0 \nSaint Martin de Hinx (40)\n<\/strong><\/pre><p><img loading=\"lazy\" decoding=\"async\" class=\" wp-image-1128 alignnone\" src=\"https:\/\/blocost.fr\/wp-content\/uploads\/2025\/02\/IMG_5061-300x225.jpg\" alt=\"\" width=\"549\" height=\"412\" srcset=\"https:\/\/blocost.fr\/wp-content\/uploads\/2025\/02\/IMG_5061-300x225.jpg 300w, https:\/\/blocost.fr\/wp-content\/uploads\/2025\/02\/IMG_5061-1024x768.jpg 1024w, https:\/\/blocost.fr\/wp-content\/uploads\/2025\/02\/IMG_5061-768x576.jpg 768w, https:\/\/blocost.fr\/wp-content\/uploads\/2025\/02\/IMG_5061-1536x1152.jpg 1536w, https:\/\/blocost.fr\/wp-content\/uploads\/2025\/02\/IMG_5061-2048x1536.jpg 2048w\" sizes=\"auto, (max-width: 549px) 100vw, 549px\" \/><\/p><h2><span style=\"color: #ffffff;\">2\u00e8me Album \u00ab\u00a0Mala suerte\u00a0\u00bb<\/span><\/h2><p><img loading=\"lazy\" decoding=\"async\" class=\"alignnone wp-image-1191 size-medium\" src=\"https:\/\/blocost.fr\/wp-content\/uploads\/2025\/09\/pochette-album-300x268.jpg\" alt=\"2\u00e8me ALBUM : \" width=\"300\" height=\"268\" srcset=\"https:\/\/blocost.fr\/wp-content\/uploads\/2025\/09\/pochette-album-300x268.jpg 300w, https:\/\/blocost.fr\/wp-content\/uploads\/2025\/09\/pochette-album-768x687.jpg 768w, https:\/\/blocost.fr\/wp-content\/uploads\/2025\/09\/pochette-album.jpg 823w\" sizes=\"auto, (max-width: 300px) 100vw, 300px\" \/><\/p><\/div>\n\t\t\t\t<\/div>\n\t\t\t\t<\/div>\n\t\t\t\t<div class=\"elementor-element elementor-element-d62567a elementor-shape-rounded elementor-grid-0 elementor-widget elementor-widget-social-icons\" data-id=\"d62567a\" data-element_type=\"widget\" data-widget_type=\"social-icons.default\">\n\t\t\t\t<div class=\"elementor-widget-container\">\n\t\t\t\t\t<div class=\"elementor-social-icons-wrapper elementor-grid\">\n\t\t\t\t\t\t\t<div class=\"elementor-grid-item\">\n\t\t\t\t\t<a class=\"elementor-icon elementor-social-icon elementor-social-icon-facebook elementor-repeater-item-c68ad0d\" href=\"https:\/\/www.facebook.com\/profile.php?id=100085747862231\" target=\"_blank\">\n\t\t\t\t\t\t<span class=\"elementor-screen-only\">Facebook<\/span>\n\t\t\t\t\t\t<i class=\"fab fa-facebook\"><\/i>\t\t\t\t\t<\/a>\n\t\t\t\t<\/div>\n\t\t\t\t\t\t\t<div class=\"elementor-grid-item\">\n\t\t\t\t\t<a class=\"elementor-icon elementor-social-icon elementor-social-icon-youtube elementor-repeater-item-2590456\" href=\"https:\/\/www.youtube.com\/@Blocost\/featured\" target=\"_blank\">\n\t\t\t\t\t\t<span class=\"elementor-screen-only\">Youtube<\/span>\n\t\t\t\t\t\t<i class=\"fab fa-youtube\"><\/i>\t\t\t\t\t<\/a>\n\t\t\t\t<\/div>\n\t\t\t\t\t\t\t<div class=\"elementor-grid-item\">\n\t\t\t\t\t<a class=\"elementor-icon elementor-social-icon elementor-social-icon-instagram elementor-repeater-item-4e5ab7a\" href=\"https:\/\/www.instagram.com\/blocostpunk_officiel?utm_source=ig_web_button_share_sheet&#038;igsh=ZDNlZDc0MzIxNw==\" target=\"_blank\">\n\t\t\t\t\t\t<span class=\"elementor-screen-only\">Instagram<\/span>\n\t\t\t\t\t\t<i class=\"fab fa-instagram\"><\/i>\t\t\t\t\t<\/a>\n\t\t\t\t<\/div>\n\t\t\t\t\t\t\t<div class=\"elementor-grid-item\">\n\t\t\t\t\t<a class=\"elementor-icon elementor-social-icon elementor-social-icon-spotify elementor-repeater-item-431ee59\" href=\"https:\/\/open.spotify.com\/intl-fr\/artist\/0PSQ9MOkKsDlk9qIIZSRjY\" target=\"_blank\">\n\t\t\t\t\t\t<span class=\"elementor-screen-only\">Spotify<\/span>\n\t\t\t\t\t\t<i class=\"fab fa-spotify\"><\/i>\t\t\t\t\t<\/a>\n\t\t\t\t<\/div>\n\t\t\t\t\t\t\t<div class=\"elementor-grid-item\">\n\t\t\t\t\t<a class=\"elementor-icon elementor-social-icon elementor-social-icon-soundcloud elementor-repeater-item-77e26ba\" href=\"https:\/\/soundcloud.com\/user-308991359\" target=\"_blank\">\n\t\t\t\t\t\t<span class=\"elementor-screen-only\">Soundcloud<\/span>\n\t\t\t\t\t\t<i class=\"fab fa-soundcloud\"><\/i>\t\t\t\t\t<\/a>\n\t\t\t\t<\/div>\n\t\t\t\t\t\t\t<div class=\"elementor-grid-item\">\n\t\t\t\t\t<a class=\"elementor-icon elementor-social-icon elementor-social-icon-wordpress elementor-repeater-item-d49466a\" target=\"_blank\">\n\t\t\t\t\t\t<span class=\"elementor-screen-only\">WordPress<\/span>\n\t\t\t\t\t\t<i class=\"fab fa-wordpress\"><\/i>\t\t\t\t\t<\/a>\n\t\t\t\t<\/div>\n\t\t\t\t\t<\/div>\n\t\t\t\t<\/div>\n\t\t\t\t<\/div>\n\t\t\t\t\t\t<\/div>\n\t\t\t\t\t<\/div>\n\t\t<\/div>\n\t\t\t\t\t\t\t\t<\/div>\n\t\t\t\t\t<\/div>\n\t\t<\/section>\n\t\t\t\t<section class=\"elementor-section elementor-top-section elementor-element elementor-element-8880e83 elementor-section-boxed elementor-section-height-default elementor-section-height-default\" data-id=\"8880e83\" data-element_type=\"section\">\n\t\t\t\t\t\t<div class=\"elementor-container elementor-column-gap-default\">\n\t\t\t\t\t\t\t<div class=\"elementor-row\">\n\t\t\t\t\t<div class=\"elementor-column elementor-col-100 elementor-top-column elementor-element elementor-element-3c8ba71\" data-id=\"3c8ba71\" data-element_type=\"column\">\n\t\t\t<div class=\"elementor-column-wrap elementor-element-populated\">\n\t\t\t\t\t\t\t<div class=\"elementor-widget-wrap\">\n\t\t\t\t\t\t<section class=\"elementor-section elementor-inner-section elementor-element elementor-element-095fb7c elementor-section-boxed elementor-section-height-default elementor-section-height-default\" data-id=\"095fb7c\" data-element_type=\"section\">\n\t\t\t\t\t\t<div class=\"elementor-container elementor-column-gap-default\">\n\t\t\t\t\t\t\t<div class=\"elementor-row\">\n\t\t\t\t\t<div class=\"elementor-column elementor-col-50 elementor-inner-column elementor-element elementor-element-b0dacb1\" data-id=\"b0dacb1\" data-element_type=\"column\">\n\t\t\t<div class=\"elementor-column-wrap elementor-element-populated\">\n\t\t\t\t\t\t\t<div class=\"elementor-widget-wrap\">\n\t\t\t\t\t\t<div class=\"elementor-element elementor-element-759d7de elementor-widget elementor-widget-html\" data-id=\"759d7de\" data-element_type=\"widget\" data-widget_type=\"html.default\">\n\t\t\t\t<div class=\"elementor-widget-container\">\n\t\t\t  <iframe loading=\"lazy\" src=\"https:\/\/bandsintown.com\/artist\/id_15501272\/track_button?background_color=rgba(0,180,179,1)&hover_color=rgba(0,180,179,1)&font=Helvetica&bitIcon=show&text=FOLLOW&text_color=rgba(255,255,255,1)&locale=fr&display_tracker_count=hide&size=large\" title=\"newsletter-widget\" height=\"35\" width=\"200\" scrolling=\"no\" frameborder=\"0\" style=\"border:none; overflow:hidden;\" allowtransparency=\"true\"><\/iframe>\t\t<\/div>\n\t\t\t\t<\/div>\n\t\t\t\t\t\t<\/div>\n\t\t\t\t\t<\/div>\n\t\t<\/div>\n\t\t\t\t<div class=\"elementor-column elementor-col-50 elementor-inner-column elementor-element elementor-element-308368c\" data-id=\"308368c\" data-element_type=\"column\">\n\t\t\t<div class=\"elementor-column-wrap elementor-element-populated\">\n\t\t\t\t\t\t\t<div class=\"elementor-widget-wrap\">\n\t\t\t\t\t\t<div class=\"elementor-element elementor-element-7b9a0a6 elementor-widget elementor-widget-text-editor\" data-id=\"7b9a0a6\" data-element_type=\"widget\" data-widget_type=\"text-editor.default\">\n\t\t\t\t<div class=\"elementor-widget-container\">\n\t\t\t\t\t<div class=\"elementor-text-editor elementor-clearfix\"><p><strong>Suivez BLOCOST pour \u00eatre inform\u00e9 des nouvelles dates de concert, nouveaux morceaux, etc&#8230;<\/strong><\/p><\/div>\n\t\t\t\t<\/div>\n\t\t\t\t<\/div>\n\t\t\t\t<div class=\"elementor-element elementor-element-0425fe0 elementor-grid-2 elementor-grid-tablet-2 elementor-grid-mobile-1 elementor-posts--thumbnail-top elementor-widget elementor-widget-posts\" data-id=\"0425fe0\" data-element_type=\"widget\" data-settings=\"{&quot;classic_columns&quot;:&quot;2&quot;,&quot;classic_columns_tablet&quot;:&quot;2&quot;,&quot;classic_columns_mobile&quot;:&quot;1&quot;,&quot;classic_row_gap&quot;:{&quot;unit&quot;:&quot;px&quot;,&quot;size&quot;:35,&quot;sizes&quot;:[]}}\" data-widget_type=\"posts.classic\">\n\t\t\t\t<div class=\"elementor-widget-container\">\n\t\t\t\t\t<div class=\"elementor-posts-container elementor-posts elementor-posts--skin-classic elementor-grid\">\n\t\t\t\t<article class=\"elementor-post elementor-grid-item post-1224 post type-post status-publish format-standard has-post-thumbnail hentry category-uncategorized\">\n\t\t\t\t<a class=\"elementor-post__thumbnail__link\" href=\"https:\/\/blocost.fr\/?p=1224\" >\n\t\t\t<div class=\"elementor-post__thumbnail\"><img loading=\"lazy\" decoding=\"async\" width=\"1536\" height=\"998\" src=\"https:\/\/blocost.fr\/wp-content\/uploads\/2026\/01\/Capture-decran-2026-01-20-a-14.50.54-1536x998.png\" class=\"attachment-1536x1536 size-1536x1536\" alt=\"\" srcset=\"https:\/\/blocost.fr\/wp-content\/uploads\/2026\/01\/Capture-decran-2026-01-20-a-14.50.54-1536x998.png 1536w, https:\/\/blocost.fr\/wp-content\/uploads\/2026\/01\/Capture-decran-2026-01-20-a-14.50.54-300x195.png 300w, https:\/\/blocost.fr\/wp-content\/uploads\/2026\/01\/Capture-decran-2026-01-20-a-14.50.54-1024x665.png 1024w, https:\/\/blocost.fr\/wp-content\/uploads\/2026\/01\/Capture-decran-2026-01-20-a-14.50.54-768x499.png 768w, https:\/\/blocost.fr\/wp-content\/uploads\/2026\/01\/Capture-decran-2026-01-20-a-14.50.54-2048x1330.png 2048w\" sizes=\"auto, (max-width: 1536px) 100vw, 1536px\" \/><\/div>\n\t\t<\/a>\n\t\t\t\t<div class=\"elementor-post__text\">\n\t\t\t\t<h4 class=\"elementor-post__title\">\n\t\t\t<a href=\"https:\/\/blocost.fr\/?p=1224\" >\n\t\t\t\tConcert au \u00ab\u00a0Cercle des citoyens\u00a0\u00bb 10 janvier 2026\t\t\t<\/a>\n\t\t<\/h4>\n\t\t\t\t<div class=\"elementor-post__meta-data\">\n\t\t\t\t\t<span class=\"elementor-post-date\">\n\t\t\t20 janvier 2026\t\t<\/span>\n\t\t\t\t<span class=\"elementor-post-avatar\">\n\t\t\tAucun commentaire\t\t<\/span>\n\t\t\t\t<\/div>\n\t\t\t\t<div class=\"elementor-post__excerpt\">\n\t\t\t<p>Samedi 10 janvier 2026, r\u00e9ouverture apr\u00e8s travaux du\u00a0\u00bbCercle des citoyens\u00a0\u00bb et concert de reprise pour BLOCOST en ce d\u00e9but 2026 !\u00a0\u00a0 Quel accueil et quelle \u00e9nergie pour cette nouvelle ann\u00e9e<\/p>\n\t\t<\/div>\n\t\t\t\t\t<a class=\"elementor-post__read-more\" href=\"https:\/\/blocost.fr\/?p=1224\" >\n\t\t\t\tLire la suite \u00bb\t\t\t<\/a>\n\t\t\t\t<\/div>\n\t\t\t\t<\/article>\n\t\t\t\t<article class=\"elementor-post elementor-grid-item post-1212 post type-post status-publish format-standard hentry category-uncategorized\">\n\t\t\t\t<div class=\"elementor-post__text\">\n\t\t\t\t<h4 class=\"elementor-post__title\">\n\t\t\t<a href=\"https:\/\/blocost.fr\/?p=1212\" >\n\t\t\t\t1er concert en Power Trio pour BL\u00d8C\u00d8ST\t\t\t<\/a>\n\t\t<\/h4>\n\t\t\t\t<div class=\"elementor-post__meta-data\">\n\t\t\t\t\t<span class=\"elementor-post-date\">\n\t\t\t22 septembre 2025\t\t<\/span>\n\t\t\t\t<span class=\"elementor-post-avatar\">\n\t\t\tAucun commentaire\t\t<\/span>\n\t\t\t\t<\/div>\n\t\t\t\t<div class=\"elementor-post__excerpt\">\n\t\t\t<p>1\u00e8re sortie en Power Trio pour BLOCOST les furieux&#8230;. Ce 29 mars marque le d\u00e9but d&rsquo;une nouvelle \u00e8re pour BLOCOST, avec son premier concert en Power Trio. D&rsquo;qnnoversaire pour les<\/p>\n\t\t<\/div>\n\t\t\t\t\t<a class=\"elementor-post__read-more\" href=\"https:\/\/blocost.fr\/?p=1212\" >\n\t\t\t\tLire la suite \u00bb\t\t\t<\/a>\n\t\t\t\t<\/div>\n\t\t\t\t<\/article>\n\t\t\t\t<article class=\"elementor-post elementor-grid-item post-1130 post type-post status-publish format-standard has-post-thumbnail hentry category-uncategorized\">\n\t\t\t\t<a class=\"elementor-post__thumbnail__link\" href=\"https:\/\/blocost.fr\/?p=1130\" >\n\t\t\t<div class=\"elementor-post__thumbnail\"><img loading=\"lazy\" decoding=\"async\" width=\"1080\" height=\"1080\" src=\"https:\/\/blocost.fr\/wp-content\/uploads\/2025\/02\/Black-Bold-Band-Tour-Instagram-Post.png\" class=\"attachment-1536x1536 size-1536x1536\" alt=\"\" srcset=\"https:\/\/blocost.fr\/wp-content\/uploads\/2025\/02\/Black-Bold-Band-Tour-Instagram-Post.png 1080w, https:\/\/blocost.fr\/wp-content\/uploads\/2025\/02\/Black-Bold-Band-Tour-Instagram-Post-300x300.png 300w, https:\/\/blocost.fr\/wp-content\/uploads\/2025\/02\/Black-Bold-Band-Tour-Instagram-Post-1024x1024.png 1024w, https:\/\/blocost.fr\/wp-content\/uploads\/2025\/02\/Black-Bold-Band-Tour-Instagram-Post-150x150.png 150w, https:\/\/blocost.fr\/wp-content\/uploads\/2025\/02\/Black-Bold-Band-Tour-Instagram-Post-768x768.png 768w\" sizes=\"auto, (max-width: 1080px) 100vw, 1080px\" \/><\/div>\n\t\t<\/a>\n\t\t\t\t<div class=\"elementor-post__text\">\n\t\t\t\t<h4 class=\"elementor-post__title\">\n\t\t\t<a href=\"https:\/\/blocost.fr\/?p=1130\" >\n\t\t\t\tLes premi\u00e8res dates 2025 !!\t\t\t<\/a>\n\t\t<\/h4>\n\t\t\t\t<div class=\"elementor-post__meta-data\">\n\t\t\t\t\t<span class=\"elementor-post-date\">\n\t\t\t23 f\u00e9vrier 2025\t\t<\/span>\n\t\t\t\t<span class=\"elementor-post-avatar\">\n\t\t\tAucun commentaire\t\t<\/span>\n\t\t\t\t<\/div>\n\t\t\t\t<div class=\"elementor-post__excerpt\">\n\t\t\t<p>Les premi\u00e8res dates de 2025 !!! Cette ann\u00e9e 2025 marque un tournant pour nous ! Nouveau projet en Power trio et un nouvel album en cours ! Nous devrions rentre<\/p>\n\t\t<\/div>\n\t\t\t\t\t<a class=\"elementor-post__read-more\" href=\"https:\/\/blocost.fr\/?p=1130\" >\n\t\t\t\tLire la suite \u00bb\t\t\t<\/a>\n\t\t\t\t<\/div>\n\t\t\t\t<\/article>\n\t\t\t\t<article class=\"elementor-post elementor-grid-item post-1145 post type-post status-publish format-standard has-post-thumbnail hentry category-uncategorized\">\n\t\t\t\t<a class=\"elementor-post__thumbnail__link\" href=\"https:\/\/blocost.fr\/?p=1145\" >\n\t\t\t<div class=\"elementor-post__thumbnail\"><img loading=\"lazy\" decoding=\"async\" width=\"1086\" height=\"1536\" src=\"https:\/\/blocost.fr\/wp-content\/uploads\/2025\/02\/Blue-Minimalist-Concert-Music-Cover-Poster.zip-1-1086x1536.png\" class=\"attachment-1536x1536 size-1536x1536\" alt=\"\" srcset=\"https:\/\/blocost.fr\/wp-content\/uploads\/2025\/02\/Blue-Minimalist-Concert-Music-Cover-Poster.zip-1-1086x1536.png 1086w, https:\/\/blocost.fr\/wp-content\/uploads\/2025\/02\/Blue-Minimalist-Concert-Music-Cover-Poster.zip-1-212x300.png 212w, https:\/\/blocost.fr\/wp-content\/uploads\/2025\/02\/Blue-Minimalist-Concert-Music-Cover-Poster.zip-1-724x1024.png 724w, https:\/\/blocost.fr\/wp-content\/uploads\/2025\/02\/Blue-Minimalist-Concert-Music-Cover-Poster.zip-1-768x1086.png 768w, https:\/\/blocost.fr\/wp-content\/uploads\/2025\/02\/Blue-Minimalist-Concert-Music-Cover-Poster.zip-1-1448x2048.png 1448w, https:\/\/blocost.fr\/wp-content\/uploads\/2025\/02\/Blue-Minimalist-Concert-Music-Cover-Poster.zip-1.png 1587w\" sizes=\"auto, (max-width: 1086px) 100vw, 1086px\" \/><\/div>\n\t\t<\/a>\n\t\t\t\t<div class=\"elementor-post__text\">\n\t\t\t\t<h4 class=\"elementor-post__title\">\n\t\t\t<a href=\"https:\/\/blocost.fr\/?p=1145\" >\n\t\t\t\tConcert Axis Musique -Toulouse\t\t\t<\/a>\n\t\t<\/h4>\n\t\t\t\t<div class=\"elementor-post__meta-data\">\n\t\t\t\t\t<span class=\"elementor-post-date\">\n\t\t\t23 f\u00e9vrier 2025\t\t<\/span>\n\t\t\t\t<span class=\"elementor-post-avatar\">\n\t\t\tAucun commentaire\t\t<\/span>\n\t\t\t\t<\/div>\n\t\t\t\t<div class=\"elementor-post__excerpt\">\n\t\t\t<p>https:\/\/blocost.fr\/wp-content\/uploads\/2025\/02\/IMG_1265.mov Une super soir\u00e9e et un super accueil de la part des Hairsplitters le 18 octobre dernier \u00e0 Toulouse. Notre premier concert en terres occitanes&nbsp; Une belle soir\u00e9e punk rock<\/p>\n\t\t<\/div>\n\t\t\t\t\t<a class=\"elementor-post__read-more\" href=\"https:\/\/blocost.fr\/?p=1145\" >\n\t\t\t\tLire la suite \u00bb\t\t\t<\/a>\n\t\t\t\t<\/div>\n\t\t\t\t<\/article>\n\t\t\t\t<article class=\"elementor-post elementor-grid-item post-1137 post type-post status-publish format-standard has-post-thumbnail hentry category-uncategorized\">\n\t\t\t\t<a class=\"elementor-post__thumbnail__link\" href=\"https:\/\/blocost.fr\/?p=1137\" >\n\t\t\t<div class=\"elementor-post__thumbnail\"><img loading=\"lazy\" decoding=\"async\" width=\"1080\" height=\"652\" src=\"https:\/\/blocost.fr\/wp-content\/uploads\/2025\/02\/IMG_3739.jpg\" class=\"attachment-1536x1536 size-1536x1536\" alt=\"\" srcset=\"https:\/\/blocost.fr\/wp-content\/uploads\/2025\/02\/IMG_3739.jpg 1080w, https:\/\/blocost.fr\/wp-content\/uploads\/2025\/02\/IMG_3739-300x181.jpg 300w, https:\/\/blocost.fr\/wp-content\/uploads\/2025\/02\/IMG_3739-1024x618.jpg 1024w, https:\/\/blocost.fr\/wp-content\/uploads\/2025\/02\/IMG_3739-768x464.jpg 768w\" sizes=\"auto, (max-width: 1080px) 100vw, 1080px\" \/><\/div>\n\t\t<\/a>\n\t\t\t\t<div class=\"elementor-post__text\">\n\t\t\t\t<h4 class=\"elementor-post__title\">\n\t\t\t<a href=\"https:\/\/blocost.fr\/?p=1137\" >\n\t\t\t\tLa Tani\u00e8re #2 pour Blocost !\t\t\t<\/a>\n\t\t<\/h4>\n\t\t\t\t<div class=\"elementor-post__meta-data\">\n\t\t\t\t\t<span class=\"elementor-post-date\">\n\t\t\t23 f\u00e9vrier 2025\t\t<\/span>\n\t\t\t\t<span class=\"elementor-post-avatar\">\n\t\t\tAucun commentaire\t\t<\/span>\n\t\t\t\t<\/div>\n\t\t\t\t<div class=\"elementor-post__excerpt\">\n\t\t\t<p>Ce jeudi 12 septembre nous etions en live \u00e0 la tani\u00e8re Records \u00e0 St perdon a cot\u00e9 de Mont de Marsan ! Encore une super accueil de Mel et de<\/p>\n\t\t<\/div>\n\t\t\t\t\t<a class=\"elementor-post__read-more\" href=\"https:\/\/blocost.fr\/?p=1137\" >\n\t\t\t\tLire la suite \u00bb\t\t\t<\/a>\n\t\t\t\t<\/div>\n\t\t\t\t<\/article>\n\t\t\t\t<article class=\"elementor-post elementor-grid-item post-1075 post type-post status-publish format-standard has-post-thumbnail hentry category-uncategorized\">\n\t\t\t\t<a class=\"elementor-post__thumbnail__link\" href=\"https:\/\/blocost.fr\/?p=1075\" >\n\t\t\t<div class=\"elementor-post__thumbnail\"><img loading=\"lazy\" decoding=\"async\" width=\"865\" height=\"1536\" src=\"https:\/\/blocost.fr\/wp-content\/uploads\/2024\/07\/IMG_3163-865x1536.jpg\" class=\"attachment-1536x1536 size-1536x1536\" alt=\"\" srcset=\"https:\/\/blocost.fr\/wp-content\/uploads\/2024\/07\/IMG_3163-865x1536.jpg 865w, https:\/\/blocost.fr\/wp-content\/uploads\/2024\/07\/IMG_3163-169x300.jpg 169w, https:\/\/blocost.fr\/wp-content\/uploads\/2024\/07\/IMG_3163-576x1024.jpg 576w, https:\/\/blocost.fr\/wp-content\/uploads\/2024\/07\/IMG_3163-768x1364.jpg 768w, https:\/\/blocost.fr\/wp-content\/uploads\/2024\/07\/IMG_3163-1153x2048.jpg 1153w, https:\/\/blocost.fr\/wp-content\/uploads\/2024\/07\/IMG_3163.jpg 1414w\" sizes=\"auto, (max-width: 865px) 100vw, 865px\" \/><\/div>\n\t\t<\/a>\n\t\t\t\t<div class=\"elementor-post__text\">\n\t\t\t\t<h4 class=\"elementor-post__title\">\n\t\t\t<a href=\"https:\/\/blocost.fr\/?p=1075\" >\n\t\t\t\tConcert Place de la Balise t\u00eate de plage- Moliets et Maa &#8211; Organis\u00e9 par Com&rsquo;Landes Asso\t\t\t<\/a>\n\t\t<\/h4>\n\t\t\t\t<div class=\"elementor-post__meta-data\">\n\t\t\t\t\t<span class=\"elementor-post-date\">\n\t\t\t15 juillet 2024\t\t<\/span>\n\t\t\t\t<span class=\"elementor-post-avatar\">\n\t\t\tAucun commentaire\t\t<\/span>\n\t\t\t\t<\/div>\n\t\t\t\t<div class=\"elementor-post__excerpt\">\n\t\t\t<p>Sur L&rsquo;invitation de Com&rsquo;Landes Association nous avons donn\u00e9 un concert sur la place de la Balise &#8211; T\u00eate de plage \u00e0 Moliets et Maa. Une premi\u00e8re pour ce lieu avec<\/p>\n\t\t<\/div>\n\t\t\t\t\t<a class=\"elementor-post__read-more\" href=\"https:\/\/blocost.fr\/?p=1075\" >\n\t\t\t\tLire la suite \u00bb\t\t\t<\/a>\n\t\t\t\t<\/div>\n\t\t\t\t<\/article>\n\t\t\t\t<\/div>\n\t\t\t\t<nav class=\"elementor-pagination\" role=\"navigation\" aria-label=\"Pagination\">\n\t\t\t<span class=\"page-numbers prev\">&laquo; Previous<\/span>\n<span aria-current=\"page\" class=\"page-numbers current\"><span class=\"elementor-screen-only\">Page<\/span>1<\/span>\n<a class=\"page-numbers\" href=\"https:\/\/blocost.fr\/index.php\/?paged=2&#038;rest_route=%2Fwp%2Fv2%2Fpages%2F2\"><span class=\"elementor-screen-only\">Page<\/span>2<\/a>\n<a class=\"page-numbers\" href=\"https:\/\/blocost.fr\/index.php\/?paged=3&#038;rest_route=%2Fwp%2Fv2%2Fpages%2F2\"><span class=\"elementor-screen-only\">Page<\/span>3<\/a>\n<span class=\"page-numbers dots\">\u2026<\/span>\n<a class=\"page-numbers\" href=\"https:\/\/blocost.fr\/index.php\/?paged=5&#038;rest_route=%2Fwp%2Fv2%2Fpages%2F2\"><span class=\"elementor-screen-only\">Page<\/span>5<\/a>\n<a class=\"page-numbers next\" href=\"https:\/\/blocost.fr\/index.php?rest_route=%2Fwp%2Fv2%2Fpages%2F2&#038;paged=2\">Next &raquo;<\/a>\t\t<\/nav>\n\t\t\t\t<\/div>\n\t\t\t\t<\/div>\n\t\t\t\t\t\t<\/div>\n\t\t\t\t\t<\/div>\n\t\t<\/div>\n\t\t\t\t\t\t\t\t<\/div>\n\t\t\t\t\t<\/div>\n\t\t<\/section>\n\t\t\t\t\t\t<\/div>\n\t\t\t\t\t<\/div>\n\t\t<\/div>\n\t\t\t\t\t\t\t\t<\/div>\n\t\t\t\t\t<\/div>\n\t\t<\/section>\n\t\t\t\t\t\t<\/div>\n\t\t\t\t\t\t<\/div>\n\t\t\t\t\t<\/div>\n\t\t","protected":false},"excerpt":{"rendered":"<p>Groupe Indie Rock form\u00e9 en 2015 \u00e0 Saint Martin de Hinx (40) 2\u00e8me Album \u00ab\u00a0Mala suerte\u00a0\u00bb Facebook Youtube Instagram Spotify Soundcloud Wordpress Suivez BLOCOST pour \u00eatre inform\u00e9 des nouvelles dates [&hellip;]<\/p>\n","protected":false},"author":1,"featured_media":0,"parent":0,"menu_order":0,"comment_status":"closed","ping_status":"closed","template":"elementor_header_footer","meta":{"footnotes":""},"class_list":["post-2","page","type-page","status-publish","hentry"],"_links":{"self":[{"href":"https:\/\/blocost.fr\/index.php?rest_route=\/wp\/v2\/pages\/2","targetHints":{"allow":["GET"]}}],"collection":[{"href":"https:\/\/blocost.fr\/index.php?rest_route=\/wp\/v2\/pages"}],"about":[{"href":"https:\/\/blocost.fr\/index.php?rest_route=\/wp\/v2\/types\/page"}],"author":[{"embeddable":true,"href":"https:\/\/blocost.fr\/index.php?rest_route=\/wp\/v2\/users\/1"}],"replies":[{"embeddable":true,"href":"https:\/\/blocost.fr\/index.php?rest_route=%2Fwp%2Fv2%2Fcomments&post=2"}],"version-history":[{"count":59,"href":"https:\/\/blocost.fr\/index.php?rest_route=\/wp\/v2\/pages\/2\/revisions"}],"predecessor-version":[{"id":1251,"href":"https:\/\/blocost.fr\/index.php?rest_route=\/wp\/v2\/pages\/2\/revisions\/1251"}],"wp:attachment":[{"href":"https:\/\/blocost.fr\/index.php?rest_route=%2Fwp%2Fv2%2Fmedia&parent=2"}],"curies":[{"name":"wp","href":"https:\/\/api.w.org\/{rel}","templated":true}]}}